{"id":539,"date":"2020-04-29T15:29:35","date_gmt":"2020-04-29T13:29:35","guid":{"rendered":"https:\/\/roseraiedupourtaou.fr\/?page_id=539"},"modified":"2026-03-25T12:46:55","modified_gmt":"2026-03-25T11:46:55","slug":"contact","status":"publish","type":"page","link":"https:\/\/roseraiedupourtaou.fr\/?page_id=539","title":{"rendered":"Contact"},"content":{"rendered":"<div class=\"brz-root__container brz-reset-all\">\n<section id=\"eapjtvuvpmotgcchlbyijpvxynwulmywmcld\" class=\"brz-section brz-css-ntshf\" data-uid=\"eapjtvuvpmotgcchlbyijpvxynwulmywmcld\">\n<div class=\"brz-section__items\">\n<div class=\"brz-section__content brz-section--boxed\" data-custom-id=\"dwvtgfbhyohppyywfytrqdagtqmeiiaihzql\">\n<div class=\"brz-bg brz-css-lsdmp\">\n<div class=\"brz-bg-content\">\n<div class=\"brz-container__wrap brz-css-fzjyf\">\n<div class=\"brz-container brz-css-dfgwr\">\n<div class=\"brz-wrapper brz-css-ifedh\">\n<div class=\"brz-d-xs-flex brz-css-epqma\">\n<div class=\"brz-rich-text\" data-custom-id=\"ycbvnyhsrefxfmspmgnwwbyewtmmylmsedkr\">\n<p class=\"brz-tp-heading1\" style=\"text-align: left;\"><span class=\"brz-cp-color7\">Pour nous contacter, vous pouvez utiliser le formulaire ci-dessous.<img loading=\"lazy\" decoding=\"async\" class=\" wp-image-625 alignright\" src=\"https:\/\/roseraiedupourtaou.fr\/wp-content\/uploads\/2020\/04\/Roseraie-c\u00e8dre-et-maison-cot\u00e9-sud-224x300.jpg\" alt=\"\" width=\"332\" height=\"445\" srcset=\"https:\/\/roseraiedupourtaou.fr\/wp-content\/uploads\/2020\/04\/Roseraie-c\u00e8dre-et-maison-cot\u00e9-sud-224x300.jpg 224w, https:\/\/roseraiedupourtaou.fr\/wp-content\/uploads\/2020\/04\/Roseraie-c\u00e8dre-et-maison-cot\u00e9-sud.jpg 432w\" sizes=\"auto, (max-width: 332px) 100vw, 332px\" \/><br \/><\/span><\/p>\n<p><strong>OUVERT du 1er mai au 15 juillet 2026 de 13h \u00e0 19h<\/strong><\/p>\n<p><span style=\"color: #993300;\"><strong>Ferm\u00e9 le mardi<\/strong><\/span><\/p>\n<p><strong>Apr\u00e8s le 15 juillet, ouverture sur rendez-vous uniquement.<\/strong><\/p>\n<p>Pour les visites guid\u00e9es, prendre rendez-vous au<br \/>06 76 15 36 87<\/p>\n<\/div>\n<\/div>\n<\/div>\n<\/div>\n<\/div>\n<\/div>\n<\/div>\n<\/div>\n<\/div>\n<\/section>\n<section id=\"mrngcwtaowyaslpgvzuggyrjnclmqafnvloc\" class=\"brz-section brz-css-ntshf\" data-uid=\"mrngcwtaowyaslpgvzuggyrjnclmqafnvloc\">\n<div class=\"brz-section__items\">\n<div class=\"brz-section__content brz-section--boxed\" data-custom-id=\"sytkzmehjoxudbiijvtmpacxeuajppsgykbi\">\n<div class=\"brz-bg brz-css-lsdmp\">\n<div class=\"brz-bg-content\">\n<div class=\"brz-container__wrap brz-css-fzjyf\">\n<div class=\"brz-container brz-css-dfgwr\">\n<div class=\"brz-wrapper brz-css-ifedh\">\n<div class=\"brz-d-xs-flex brz-css-epqma\">\n<div class=\"brz-wp-shortcode brz-css-nnlyd\" data-custom-id=\"jykigkfyrvxsvsmgdigaehtyqiyeveqjhepb\">\n<div>\n<div class=\"wpcf7 no-js\" id=\"wpcf7-f501-o1\" lang=\"fr-FR\" dir=\"ltr\" data-wpcf7-id=\"501\">\n<div class=\"screen-reader-response\"><p role=\"status\" aria-live=\"polite\" aria-atomic=\"true\"><\/p> <ul><\/ul><\/div>\n<form action=\"\/index.php?rest_route=%2Fwp%2Fv2%2Fpages%2F539#wpcf7-f501-o1\" method=\"post\" class=\"wpcf7-form init\" aria-label=\"Formulaire de contact\" novalidate=\"novalidate\" data-status=\"init\">\n<div style=\"display: none;\">\n<input type=\"hidden\" name=\"_wpcf7\" value=\"501\" \/>\n<input type=\"hidden\" name=\"_wpcf7_version\" value=\"6.0.5\" \/>\n<input type=\"hidden\" name=\"_wpcf7_locale\" value=\"fr_FR\" \/>\n<input type=\"hidden\" name=\"_wpcf7_unit_tag\" value=\"wpcf7-f501-o1\" \/>\n<input type=\"hidden\" name=\"_wpcf7_container_post\" value=\"0\" \/>\n<input type=\"hidden\" name=\"_wpcf7_posted_data_hash\" value=\"\" \/>\n<input type=\"hidden\" name=\"_wpcf7_recaptcha_response\" value=\"\" \/>\n<\/div>\n<p><label> Votre nom (obligatoire)<br \/>\n<span class=\"wpcf7-form-control-wrap\" data-name=\"your-name\"><input size=\"40\" maxlength=\"400\" class=\"wpcf7-form-control wpcf7-text wpcf7-validates-as-required\" aria-required=\"true\" aria-invalid=\"false\" value=\"\" type=\"text\" name=\"your-name\" \/><\/span> <\/label>\n<\/p>\n<p><label> Votre adresse de messagerie (obligatoire)<br \/>\n<span class=\"wpcf7-form-control-wrap\" data-name=\"your-email\"><input size=\"40\" maxlength=\"400\" class=\"wpcf7-form-control wpcf7-email wpcf7-validates-as-required wpcf7-text wpcf7-validates-as-email\" aria-required=\"true\" aria-invalid=\"false\" value=\"\" type=\"email\" name=\"your-email\" \/><\/span> <\/label>\n<\/p>\n<p><label> Objet<br \/>\n<span class=\"wpcf7-form-control-wrap\" data-name=\"your-subject\"><input size=\"40\" maxlength=\"400\" class=\"wpcf7-form-control wpcf7-text\" aria-invalid=\"false\" value=\"\" type=\"text\" name=\"your-subject\" \/><\/span> <\/label>\n<\/p>\n<p><label> Votre message<br \/>\n<span class=\"wpcf7-form-control-wrap\" data-name=\"your-message\"><textarea cols=\"40\" rows=\"10\" maxlength=\"2000\" class=\"wpcf7-form-control wpcf7-textarea\" aria-invalid=\"false\" name=\"your-message\"><\/textarea><\/span> <\/label>\n<\/p>\n<p><input class=\"wpcf7-form-control wpcf7-submit has-spinner\" type=\"submit\" value=\"Envoyer\" \/>\n<\/p><p style=\"display: none !important;\" class=\"akismet-fields-container\" data-prefix=\"_wpcf7_ak_\"><label>&#916;<textarea name=\"_wpcf7_ak_hp_textarea\" cols=\"45\" rows=\"8\" maxlength=\"100\"><\/textarea><\/label><input type=\"hidden\" id=\"ak_js_1\" name=\"_wpcf7_ak_js\" value=\"200\"\/><script>document.getElementById( \"ak_js_1\" ).setAttribute( \"value\", ( new Date() ).getTime() );<\/script><\/p><div class=\"wpcf7-response-output\" aria-hidden=\"true\"><\/div>\n<\/form>\n<\/div>\n<\/div>\n<\/div>\n<\/div>\n<\/div>\n<\/div>\n<\/div>\n<\/div>\n<\/div>\n<\/div>\n<\/div>\n<\/section>\n<section id=\"ykgvlohxrhydmdjrzeqsldplpujxltxkfpgc\" class=\"brz-section brz-css-ntshf\" data-uid=\"ykgvlohxrhydmdjrzeqsldplpujxltxkfpgc\">\n<div class=\"brz-section__items\">\n<div class=\"brz-section__content brz-section--boxed\" data-custom-id=\"tftdcmuabydfksrequxpfpaavngwagxcvxcn\">\n<div class=\"brz-bg brz-css-lsdmp\">\n<div class=\"brz-bg-content\">\n<div class=\"brz-container__wrap brz-css-fzjyf\">\n<div class=\"brz-container brz-css-dfgwr\">\u00a0<\/div>\n<\/div>\n<\/div>\n<\/div>\n<\/div>\n<\/div>\n<\/section>\n<div class=\"brz-root__container-after\">\u00a0<\/div>\n<\/div>\n<p><!-- t:1588167119 --><\/p>\n\n\n<p><\/p>\n","protected":false},"excerpt":{"rendered":"<p>Pour nous contacter, vous pouvez utiliser le formulaire ci-dessous. OUVERT du 1er mai au 15 juillet 2026 de 13h \u00e0 19h Ferm\u00e9 le mardi Apr\u00e8s le 15 juillet, ouverture sur rendez-vous uniquement. Pour les visites guid\u00e9es, prendre rendez-vous au06 76 15 36 87 \u00a0 \u00a0<\/p>\n","protected":false},"author":1,"featured_media":0,"parent":0,"menu_order":0,"comment_status":"closed","ping_status":"closed","template":"brizy-blank-template.php","meta":{"footnotes":""},"class_list":["post-539","page","type-page","status-publish","hentry","entry"],"_links":{"self":[{"href":"https:\/\/roseraiedupourtaou.fr\/index.php?rest_route=\/wp\/v2\/pages\/539","targetHints":{"allow":["GET"]}}],"collection":[{"href":"https:\/\/roseraiedupourtaou.fr\/index.php?rest_route=\/wp\/v2\/pages"}],"about":[{"href":"https:\/\/roseraiedupourtaou.fr\/index.php?rest_route=\/wp\/v2\/types\/page"}],"author":[{"embeddable":true,"href":"https:\/\/roseraiedupourtaou.fr\/index.php?rest_route=\/wp\/v2\/users\/1"}],"replies":[{"embeddable":true,"href":"https:\/\/roseraiedupourtaou.fr\/index.php?rest_route=%2Fwp%2Fv2%2Fcomments&post=539"}],"version-history":[{"count":19,"href":"https:\/\/roseraiedupourtaou.fr\/index.php?rest_route=\/wp\/v2\/pages\/539\/revisions"}],"predecessor-version":[{"id":946,"href":"https:\/\/roseraiedupourtaou.fr\/index.php?rest_route=\/wp\/v2\/pages\/539\/revisions\/946"}],"wp:attachment":[{"href":"https:\/\/roseraiedupourtaou.fr\/index.php?rest_route=%2Fwp%2Fv2%2Fmedia&parent=539"}],"curies":[{"name":"wp","href":"https:\/\/api.w.org\/{rel}","templated":true}]}}